{"id":1359,"date":"2021-01-27T13:26:27","date_gmt":"2021-01-27T12:26:27","guid":{"rendered":"https:\/\/vacayinabox.se\/?post_type=product&#038;p=1359"},"modified":"2025-07-17T18:57:26","modified_gmt":"2025-07-17T17:57:26","slug":"mallorca","status":"publish","type":"product","link":"https:\/\/vacayinabox.se\/en\/boxar\/mallorca\/","title":{"rendered":"Mallorca"},"content":{"rendered":"<p>Vi g\u00e5r in f\u00f6r landning \u00f6ver Mallorcas r\u00f6da jord. Medan du sippar p\u00e5 ett glas cava och testar de goda oliverna tittar du p\u00e5 filmer \u00f6ver Mallorcas historia som \u00e4r full av invasioner, plundringar och sj\u00f6r\u00f6veri. F\u00f6lj med p\u00e5 stadsvandringar i Palma och resor till Mallorcas pittoreska byar, d\u00e4r du bland annat f\u00e5r en inblick i Michael Douglas lyxiga herrg\u00e5rd. Och s\u00e5 bes\u00f6ker vi n\u00e5gra badvikar som \u00e4r s\u00e5 bed\u00f6vande vackra att man tappar andan. Vi f\u00f6rdjupar oss ocks\u00e5 i vardagslivet p\u00e5 Mallorca &#8211; hur \u00e4r det egentligen att vara fiskare eller mandelodlare h\u00e4r? Och troligen kommer du att bli sugen p\u00e5 att l\u00e4ra dig stenslungandets ljuva konst. Du f\u00e5r f\u00f6rdjupa dig i det mallorkinska k\u00f6kets mustiga recept, vintips f\u00f6ljer f\u00f6rst\u00e5s med. Under helgen hinner du plugga lite spanska, du l\u00e4r dig att Spanien har en egen kortlek med bara 48 spelkort &#8230; och givetvis f\u00e5r du spelreglerna f\u00f6r n\u00e5gra spel.<\/p>\n<p><strong>Boxen \u00e4r avsedd f\u00f6r 2 personer och<\/strong><strong>\u00a0inneh\u00e5ller:<\/strong> recept p\u00e5 middagar och frukost, tips p\u00e5 drinkar och vin, kryddor och matlagningstillbeh\u00f6r, spellistor f\u00f6r musik och resefilmer, tips p\u00e5 l\u00e5ngfilmer som utspelar sig p\u00e5 Mallorca, flaggor och annat material.<\/p>\n<p><strong>Resan \u00e4r t\u00e4nkt att genomf\u00f6ras under en helg,\u00a0<\/strong>men du kan f\u00f6rst\u00e5s l\u00e4gga upp den precis som du vill. Med din biljett kan du logga in hur m\u00e5nga g\u00e5nger som helst.<\/p>\n<p><strong>Du beh\u00f6ver k\u00f6pa sj\u00e4lv:<\/strong>\u00a0ingredienser till matlagningen samt dryck.<\/p>","protected":false},"excerpt":{"rendered":"<h3>Tv\u00e5 dygn p\u00e5 Mallorca &#8211; \u00f6n som har allt<\/h3>\n<p>If you think that Mallorca is just about sun and beaches you're in for a surprise when you buy our Majorca box. In it you will find an exciting history, breath-taking mountain treks, wonderful architecture and new favourite recipes. And you won't have to find someone to feed the cat while you are away.<\/p>","protected":false},"featured_media":1362,"comment_status":"open","ping_status":"closed","template":"","meta":{"_et_pb_use_builder":"off","_et_pb_old_content":"Vi g\u00e5r in f\u00f6r landning \u00f6ver Mallorcas r\u00f6da jord. Medan du sippar p\u00e5 ett glas cava och testar de goda oliverna tittar du p\u00e5 filmer \u00f6ver Mallorcas historia som \u00e4r full av invasioner, plundringar och sj\u00f6r\u00f6veri. F\u00f6lj med p\u00e5 stadsvandringar i Palma och resor till Mallorcas pittoreska byar, d\u00e4r du bland annat f\u00e5r en inblick i Michael Douglas lyxiga herrg\u00e5rd. Och s\u00e5 bes\u00f6ker vi n\u00e5gra badvikar som \u00e4r s\u00e5 bed\u00f6vande vackra att man tappar andan.\r\n\r\nVi f\u00f6rdjupar oss ocks\u00e5 i vardagslivet p\u00e5 Mallorca - hur \u00e4r det egentligen att vara fiskare eller mandelodlare h\u00e4r? Och troligen kommer du att bli sugen p\u00e5 att l\u00e4ra dig stenslungandets ljuva konst. Du f\u00e5r f\u00f6rdjupa dig i det mallorkinska k\u00f6kets mustiga recept, vintips f\u00f6ljer f\u00f6rst\u00e5s med.\r\n\r\nUnder helgen hinner du plugga lite spanska, du l\u00e4r dig att Spanien har en egen kortlek med bara 48 spelkort ... och givetvis f\u00e5r du spelreglerna f\u00f6r n\u00e5gra spel.\r\n\r\n<strong>Boxen \u00e4r avsedd f\u00f6r 2 personer.<\/strong>\r\n\r\n<strong>Boxen inneh\u00e5ller:<\/strong> recept p\u00e5 middagar och frukost, tips p\u00e5 drinkar och vin, kryddor och matlagningstillbeh\u00f6r, spellistor f\u00f6r musik och resefilmer, tips p\u00e5 l\u00e5ngfilmer som utspelar sig p\u00e5 Mallorca, flaggor och annat material.\r\n\r\n<strong>Du beh\u00f6ver k\u00f6pa sj\u00e4lv:<\/strong>\u00a0ingredienser till matlagningen samt dryck.","_et_gb_content_width":""},"product_brand":[],"product_cat":[38,45],"product_tag":[],"class_list":{"0":"post-1359","1":"product","2":"type-product","3":"status-publish","4":"has-post-thumbnail","6":"product_cat-boxar","7":"product_cat-specialboxar","9":"first","10":"instock","11":"taxable","12":"shipping-taxable","13":"purchasable","14":"product-type-variable","15":"has-default-attributes"},"_links":{"self":[{"href":"https:\/\/vacayinabox.se\/en\/wp-json\/wp\/v2\/product\/1359","targetHints":{"allow":["GET"]}}],"collection":[{"href":"https:\/\/vacayinabox.se\/en\/wp-json\/wp\/v2\/product"}],"about":[{"href":"https:\/\/vacayinabox.se\/en\/wp-json\/wp\/v2\/types\/product"}],"replies":[{"embeddable":true,"href":"https:\/\/vacayinabox.se\/en\/wp-json\/wp\/v2\/comments?post=1359"}],"wp:featuredmedia":[{"embeddable":true,"href":"https:\/\/vacayinabox.se\/en\/wp-json\/wp\/v2\/media\/1362"}],"wp:attachment":[{"href":"https:\/\/vacayinabox.se\/en\/wp-json\/wp\/v2\/media?parent=1359"}],"wp:term":[{"taxonomy":"product_brand","embeddable":true,"href":"https:\/\/vacayinabox.se\/en\/wp-json\/wp\/v2\/product_brand?post=1359"},{"taxonomy":"product_cat","embeddable":true,"href":"https:\/\/vacayinabox.se\/en\/wp-json\/wp\/v2\/product_cat?post=1359"},{"taxonomy":"product_tag","embeddable":true,"href":"https:\/\/vacayinabox.se\/en\/wp-json\/wp\/v2\/product_tag?post=1359"}],"curies":[{"name":"wp","href":"https:\/\/api.w.org\/{rel}","templated":true}]}}