{"id":1351,"date":"2021-01-26T21:49:24","date_gmt":"2021-01-26T20:49:24","guid":{"rendered":"https:\/\/vacayinabox.se\/?post_type=product&#038;p=1351"},"modified":"2024-05-17T10:26:40","modified_gmt":"2024-05-17T09:26:40","slug":"panama","status":"publish","type":"product","link":"https:\/\/vacayinabox.se\/en\/boxar\/panama\/","title":{"rendered":"Panama"},"content":{"rendered":"<p>Den h\u00e4r fina boxen \u00e4r inte klar \u00e4n<\/p>\n<p><strong>Boxen inneh\u00e5ller:<\/strong> recept p\u00e5 middagar och frukost, tips p\u00e5 drinkar och vin, kryddor och matlagningstillbeh\u00f6r, spellistor f\u00f6r musik och resefilmer, tips p\u00e5 l\u00e5ngfilmer som utspelar sig i Panama, flaggor och annat material.<\/p>\n<p><strong>Du beh\u00f6ver k\u00f6pa sj\u00e4lv:<\/strong>\u00a0ingredienser till matlagningen samt dryck.<\/p>","protected":false},"excerpt":{"rendered":"<p><span style=\"color: #ef425a;\">Kommer i slutet av 2021<\/span><\/p>\n<p>Panama \u00e4r s\u00e5 mycket mer \u00e4n bara en kanal. H\u00e4r har du allt, fr\u00e5n stilla havets h\u00e4rliga robinson-\u00f6ar, till v\u00e4rlden exklusivaste kaffeplantager, till h\u00e4ftiga vulkantoppar, till karibiskt relaxh\u00e4ng med drinkar, reggae och b\u00e5tutflykter. G\u00f6r en resa genom det h\u00e4r sp\u00e4nnande landet ifr\u00e5n din egen soffa.<\/p>","protected":false},"featured_media":1355,"comment_status":"open","ping_status":"closed","template":"","meta":{"_et_pb_use_builder":"off","_et_pb_old_content":"Vi g\u00e5r in f\u00f6r landning\r\n\r\nN\u00e4sta dag g\u00f6r vi bes\u00f6k h\r\n\r\nMen vi l\u00e4r oss ocks\u00e5 s\u00e5dant som kanske \u00e4r ok\u00e4nt\r\n\r\n<strong>Boxen inneh\u00e5ller:<\/strong> recept p\u00e5 middagar och frukost, tips p\u00e5 drinkar och vin, kryddor och matlagningstillbeh\u00f6r, spellistor f\u00f6r musik och resefilmer, tips p\u00e5 l\u00e5ngfilmer som utspelar sig i Panama, flaggor och annat material.\r\n\r\n<strong>Du beh\u00f6ver k\u00f6pa sj\u00e4lv:<\/strong>\u00a0ingredienser till matlagningen samt dryck.","_et_gb_content_width":""},"product_brand":[],"product_cat":[38,35,36,47],"product_tag":[],"class_list":{"0":"post-1351","1":"product","2":"type-product","3":"status-publish","4":"has-post-thumbnail","6":"product_cat-boxar","7":"product_cat-exotiska","8":"product_cat-karibien","9":"product_cat-kommande-lansering","11":"first","12":"instock","13":"taxable","14":"shipping-taxable","15":"purchasable","16":"product-type-variable","17":"has-default-attributes"},"_links":{"self":[{"href":"https:\/\/vacayinabox.se\/en\/wp-json\/wp\/v2\/product\/1351","targetHints":{"allow":["GET"]}}],"collection":[{"href":"https:\/\/vacayinabox.se\/en\/wp-json\/wp\/v2\/product"}],"about":[{"href":"https:\/\/vacayinabox.se\/en\/wp-json\/wp\/v2\/types\/product"}],"replies":[{"embeddable":true,"href":"https:\/\/vacayinabox.se\/en\/wp-json\/wp\/v2\/comments?post=1351"}],"wp:featuredmedia":[{"embeddable":true,"href":"https:\/\/vacayinabox.se\/en\/wp-json\/wp\/v2\/media\/1355"}],"wp:attachment":[{"href":"https:\/\/vacayinabox.se\/en\/wp-json\/wp\/v2\/media?parent=1351"}],"wp:term":[{"taxonomy":"product_brand","embeddable":true,"href":"https:\/\/vacayinabox.se\/en\/wp-json\/wp\/v2\/product_brand?post=1351"},{"taxonomy":"product_cat","embeddable":true,"href":"https:\/\/vacayinabox.se\/en\/wp-json\/wp\/v2\/product_cat?post=1351"},{"taxonomy":"product_tag","embeddable":true,"href":"https:\/\/vacayinabox.se\/en\/wp-json\/wp\/v2\/product_tag?post=1351"}],"curies":[{"name":"wp","href":"https:\/\/api.w.org\/{rel}","templated":true}]}}