{"id":3682,"date":"2021-12-04T13:19:10","date_gmt":"2021-12-04T12:19:10","guid":{"rendered":"https:\/\/vacayinabox.se\/?page_id=3682"},"modified":"2021-12-13T20:50:25","modified_gmt":"2021-12-13T19:50:25","slug":"julklapp-till-personalen","status":"publish","type":"page","link":"https:\/\/vacayinabox.se\/en\/boxar\/julklapp-till-personalen\/","title":{"rendered":"Julklapp till personalen"},"content":{"rendered":"<p>[et_pb_section fb_built=&#8221;1&#8243; _builder_version=&#8221;4.8.1&#8243; _module_preset=&#8221;e92cf5c5-289b-4017-aee5-6dd43c05d9db&#8221; height=&#8221;101px&#8221; custom_margin=&#8221;||1px||false|false&#8221; custom_padding=&#8221;||50px|||&#8221; global_colors_info=&#8221;{}&#8221;][et_pb_row column_structure=&#8221;2_3,1_3&#8243; disabled_on=&#8221;off|off|off&#8221; _builder_version=&#8221;4.9.0&#8243; _module_preset=&#8221;64a9fc49-8d63-43e5-a1f7-5e58ff8b6809&#8243; background_size=&#8221;initial&#8221; background_position=&#8221;top_left&#8221; background_repeat=&#8221;repeat&#8221; global_colors_info=&#8221;{}&#8221;][et_pb_column type=&#8221;2_3&#8243; _builder_version=&#8221;3.25&#8243; _module_preset=&#8221;default&#8221; custom_padding=&#8221;|||&#8221; global_colors_info=&#8221;{}&#8221; custom_padding__hover=&#8221;|||&#8221;][et_pb_text _builder_version=&#8221;4.11.4&#8243; _module_preset=&#8221;default&#8221; header_font=&#8221;|||on|||||&#8221; header_text_align=&#8221;center&#8221; background_size=&#8221;initial&#8221; background_position=&#8221;top_left&#8221; background_repeat=&#8221;repeat&#8221; text_orientation=&#8221;center&#8221; global_colors_info=&#8221;{}&#8221;]<\/p>\n<h1 style=\"text-align: left;\">Perfekt julklapp till personalen<\/h1>\n<p style=\"text-align: left;\">Vacation in a box \u00e4r ett uppskattat val n\u00e4r du ska hitta en julklapp till personalen. Vi har resm\u00e5l som passar alla, b\u00e5de till sp\u00e4nnande storst\u00e4der och till exotiska resm\u00e5l. Boxens inneh\u00e5ll \u00e4r f\u00f6r tv\u00e5 personer, men vi kan anpassa boxarna att g\u00e4lla f\u00f6r flera. Vi kan leverera boxarna of\u00f6rslutna s\u00e5 att du kan komplettera med dryck eller annat om du vill. H\u00f6r av dig till oss s\u00e5 diskuterar vi ett uppl\u00e4gg som passar ditt f\u00f6retag och dina medarbetare.<\/p>\n<p style=\"text-align: left;\">[\/et_pb_text][et_pb_image alt=&#8221;Julklapp till personalen&#8221; title_text=&#8221;jul_3_mindre&#8221; src_tablet=&#8221;&#8221; src_phone=&#8221;https:\/\/vacayinabox.se\/wp-content\/uploads\/2021\/12\/jul_3_mindre.png&#8221; src_last_edited=&#8221;on|phone&#8221; _builder_version=&#8221;4.11.4&#8243; _module_preset=&#8221;default&#8221; global_colors_info=&#8221;{}&#8221;][\/et_pb_image][et_pb_contact_form email=&#8221;kundtjanst@vacayinabox.se&#8221; title=&#8221;Fr\u00e5ga om f\u00f6retagsboxar&#8221; custom_message=&#8221;Julklappsbestyr&#8221; success_message=&#8221;Super! Det d\u00e4r gick ju fint! Vi svarar s\u00e5 snart vi hinner.&#8221; submit_button_text=&#8221;Skicka&#8221; _builder_version=&#8221;4.11.4&#8243; _module_preset=&#8221;default&#8221; form_field_custom_margin=&#8221;15px|15px|15px|15px|false|false&#8221; title_font=&#8221;|||on|||||&#8221; title_text_align=&#8221;center&#8221; title_line_height=&#8221;2.1em&#8221; button_use_icon=&#8221;off&#8221; button_custom_margin=&#8221;|5px|5px||false|false&#8221; global_colors_info=&#8221;{}&#8221;][et_pb_contact_field field_id=&#8221;Name&#8221; field_title=&#8221;Ditt namn&#8221; fullwidth_field=&#8221;on&#8221; _builder_version=&#8221;4.11.4&#8243; global_colors_info=&#8221;{}&#8221; button_text_size__hover_enabled=&#8221;off&#8221; button_one_text_size__hover_enabled=&#8221;off&#8221; button_two_text_size__hover_enabled=&#8221;off&#8221; button_text_color__hover_enabled=&#8221;off&#8221; button_one_text_color__hover_enabled=&#8221;off&#8221; button_two_text_color__hover_enabled=&#8221;off&#8221; button_border_width__hover_enabled=&#8221;off&#8221; button_one_border_width__hover_enabled=&#8221;off&#8221; button_two_border_width__hover_enabled=&#8221;off&#8221; button_border_color__hover_enabled=&#8221;off&#8221; button_one_border_color__hover_enabled=&#8221;off&#8221; button_two_border_color__hover_enabled=&#8221;off&#8221; button_border_radius__hover_enabled=&#8221;off&#8221; button_one_border_radius__hover_enabled=&#8221;off&#8221; button_two_border_radius__hover_enabled=&#8221;off&#8221; button_letter_spacing__hover_enabled=&#8221;off&#8221; button_one_letter_spacing__hover_enabled=&#8221;off&#8221; button_two_letter_spacing__hover_enabled=&#8221;off&#8221; button_bg_color__hover_enabled=&#8221;off&#8221; button_one_bg_color__hover_enabled=&#8221;off&#8221; button_two_bg_color__hover_enabled=&#8221;off&#8221;][\/et_pb_contact_field][et_pb_contact_field field_id=&#8221;Email&#8221; field_title=&#8221;E-postadress&#8221; field_type=&#8221;email&#8221; fullwidth_field=&#8221;on&#8221; _builder_version=&#8221;4.11.4&#8243; global_colors_info=&#8221;{}&#8221; button_text_size__hover_enabled=&#8221;off&#8221; button_one_text_size__hover_enabled=&#8221;off&#8221; button_two_text_size__hover_enabled=&#8221;off&#8221; button_text_color__hover_enabled=&#8221;off&#8221; button_one_text_color__hover_enabled=&#8221;off&#8221; button_two_text_color__hover_enabled=&#8221;off&#8221; button_border_width__hover_enabled=&#8221;off&#8221; button_one_border_width__hover_enabled=&#8221;off&#8221; button_two_border_width__hover_enabled=&#8221;off&#8221; button_border_color__hover_enabled=&#8221;off&#8221; button_one_border_color__hover_enabled=&#8221;off&#8221; button_two_border_color__hover_enabled=&#8221;off&#8221; button_border_radius__hover_enabled=&#8221;off&#8221; button_one_border_radius__hover_enabled=&#8221;off&#8221; button_two_border_radius__hover_enabled=&#8221;off&#8221; button_letter_spacing__hover_enabled=&#8221;off&#8221; button_one_letter_spacing__hover_enabled=&#8221;off&#8221; button_two_letter_spacing__hover_enabled=&#8221;off&#8221; button_bg_color__hover_enabled=&#8221;off&#8221; button_one_bg_color__hover_enabled=&#8221;off&#8221; button_two_bg_color__hover_enabled=&#8221;off&#8221;][\/et_pb_contact_field][et_pb_contact_field field_id=&#8221;Message&#8221; field_title=&#8221;Din fr\u00e5ga om julklapp till personalen&#8221; field_type=&#8221;text&#8221; fullwidth_field=&#8221;on&#8221; _builder_version=&#8221;4.11.4&#8243; global_colors_info=&#8221;{}&#8221; button_text_size__hover_enabled=&#8221;off&#8221; button_one_text_size__hover_enabled=&#8221;off&#8221; button_two_text_size__hover_enabled=&#8221;off&#8221; button_text_color__hover_enabled=&#8221;off&#8221; button_one_text_color__hover_enabled=&#8221;off&#8221; button_two_text_color__hover_enabled=&#8221;off&#8221; button_border_width__hover_enabled=&#8221;off&#8221; button_one_border_width__hover_enabled=&#8221;off&#8221; button_two_border_width__hover_enabled=&#8221;off&#8221; button_border_color__hover_enabled=&#8221;off&#8221; button_one_border_color__hover_enabled=&#8221;off&#8221; button_two_border_color__hover_enabled=&#8221;off&#8221; button_border_radius__hover_enabled=&#8221;off&#8221; button_one_border_radius__hover_enabled=&#8221;off&#8221; button_two_border_radius__hover_enabled=&#8221;off&#8221; button_letter_spacing__hover_enabled=&#8221;off&#8221; button_one_letter_spacing__hover_enabled=&#8221;off&#8221; button_two_letter_spacing__hover_enabled=&#8221;off&#8221; button_bg_color__hover_enabled=&#8221;off&#8221; button_one_bg_color__hover_enabled=&#8221;off&#8221; button_two_bg_color__hover_enabled=&#8221;off&#8221;][\/et_pb_contact_field][\/et_pb_contact_form][\/et_pb_column][et_pb_column type=&#8221;1_3&#8243; _builder_version=&#8221;3.25&#8243; _module_preset=&#8221;default&#8221; custom_padding=&#8221;|||&#8221; global_colors_info=&#8221;{}&#8221; custom_padding__hover=&#8221;|||&#8221;][et_pb_image src=&#8221;https:\/\/vacayinabox.se\/wp-content\/uploads\/2021\/11\/jul_1-300&#215;300.png&#8221; alt=&#8221;V\u00e5ra boxar&#8221; title_text=&#8221;julklapp&#8221; align=&#8221;center&#8221; src_tablet=&#8221;&#8221; src_phone=&#8221;&#8221; src_last_edited=&#8221;on|tablet&#8221; _builder_version=&#8221;4.11.4&#8243; _module_preset=&#8221;default&#8221; custom_padding=&#8221;||30px||false|false&#8221; global_colors_info=&#8221;{}&#8221;][\/et_pb_image][\/et_pb_column][\/et_pb_row][et_pb_row disabled_on=&#8221;on|on|off&#8221; _builder_version=&#8221;4.9.0&#8243; _module_preset=&#8221;64a9fc49-8d63-43e5-a1f7-5e58ff8b6809&#8243; custom_margin=&#8221;||||false|false&#8221; custom_padding=&#8221;||||false|false&#8221; collapsed=&#8221;off&#8221; global_colors_info=&#8221;{}&#8221;][et_pb_column type=&#8221;4_4&#8243; _builder_version=&#8221;4.9.0&#8243; _module_preset=&#8221;default&#8221; global_colors_info=&#8221;{}&#8221;][et_pb_slider show_pagination=&#8221;off&#8221; _builder_version=&#8221;4.11.4&#8243; _module_preset=&#8221;default&#8221; header_font=&#8221;|||on|||||&#8221; header_font_size=&#8221;32px&#8221; background_enable_image=&#8221;off&#8221; custom_button=&#8221;on&#8221; button_border_radius=&#8221;21px&#8221; button_alignment=&#8221;center&#8221; max_width=&#8221;100%&#8221; height=&#8221;250px&#8221; custom_padding=&#8221;50px||||false|false&#8221; animation_style=&#8221;fade&#8221; animation_duration=&#8221;950ms&#8221; auto=&#8221;on&#8221; border_radii=&#8221;on|25px|25px|25px|25px&#8221; global_colors_info=&#8221;{}&#8221;][et_pb_slide heading=&#8221;Resa till Costa Rica blev julklapp till personalen&#8221; button_link=&#8221;@ET-DC@eyJkeW5hbWljIjp0cnVlLCJjb250ZW50IjoicG9zdF9saW5rX3VybF9wcm9kdWN0Iiwic2V0dGluZ3MiOnsicG9zdF9pZCI6IjMwNTAifX0=@&#8221; _builder_version=&#8221;4.11.4&#8243; _dynamic_attributes=&#8221;button_link&#8221; _module_preset=&#8221;default&#8221; background_image=&#8221;https:\/\/vacayinabox.se\/wp-content\/uploads\/2021\/10\/pappersplan_liggande-300&#215;162-1.png&#8221; background_enable_image=&#8221;on&#8221; background_size=&#8221;initial&#8221; background_position=&#8221;center_right&#8221; background_blend=&#8221;soft-light&#8221; global_colors_info=&#8221;{}&#8221; sticky_transition=&#8221;on&#8221;]<\/p>\n<p>&#8221;Vi gav en Costa Rica-resa till alla p\u00e5 avdelningen. Det var j\u00e4tteenkelt &#8211; kundtj\u00e4nst la ner en h\u00e4lsning fr\u00e5n oss och skickade boxen direkt till medarbetarna.&#8221; <em>Mikael T\u00f6rnberg, Region Stockholm<\/em><\/p>\n<p>[\/et_pb_slide][et_pb_slide heading=&#8221;Mallorcaboxen, v\u00e5r julklapp till alla&#8221; _builder_version=&#8221;4.11.4&#8243; _module_preset=&#8221;default&#8221; background_color=&#8221;#ef425a&#8221; background_enable_color=&#8221;on&#8221; background_image=&#8221;https:\/\/vacayinabox.se\/wp-content\/uploads\/2021\/10\/hjarta-300&#215;157-1.png&#8221; background_enable_image=&#8221;on&#8221; background_size=&#8221;initial&#8221; background_position=&#8221;center_right&#8221; background_blend=&#8221;multiply&#8221; global_colors_info=&#8221;{}&#8221; sticky_transition=&#8221;on&#8221;]<\/p>\n<p>&#8221;Vi gav alla medarbetare varsin Mallorcabox i julklapp. Vi kompletterande den med dryck och ett g\u00e4stspel av Mallorcaguiderna. En julklapp till personalen som blev mycket uppskattad.&#8221; <em>Maarten Merckx, Olingo Consulting<\/em>.<\/p>\n<p>[\/et_pb_slide][\/et_pb_slider][\/et_pb_column][\/et_pb_row][et_pb_row _builder_version=&#8221;4.9.0&#8243; _module_preset=&#8221;64a9fc49-8d63-43e5-a1f7-5e58ff8b6809&#8243; global_colors_info=&#8221;{}&#8221;][et_pb_column type=&#8221;4_4&#8243; _builder_version=&#8221;4.9.0&#8243; _module_preset=&#8221;default&#8221; global_colors_info=&#8221;{}&#8221;][et_pb_code _builder_version=&#8221;4.9.0&#8243; _module_preset=&#8221;default&#8221; global_colors_info=&#8221;{}&#8221;]\u00a0[\/et_pb_code][\/et_pb_column][\/et_pb_row][et_pb_row _builder_version=&#8221;4.11.4&#8243; _module_preset=&#8221;default&#8221; global_colors_info=&#8221;{}&#8221;][et_pb_column type=&#8221;4_4&#8243; _builder_version=&#8221;4.11.4&#8243; _module_preset=&#8221;default&#8221; global_colors_info=&#8221;{}&#8221;][et_pb_text _builder_version=&#8221;4.11.4&#8243; _module_preset=&#8221;default&#8221; header_font=&#8221;|||on|||||&#8221; header_2_font=&#8221;|||on|||||&#8221; global_colors_info=&#8221;{}&#8221;]<\/p>\n<h1>V\u00e5ra resm\u00e5l<\/h1>\n<p>V\u00e4lj mellan Jamaica, Madrid, Costa Rica och Mallorca. Boxar f\u00f6r 2-10 personer.<\/p>\n<p>[\/et_pb_text][\/et_pb_column][\/et_pb_row][\/et_pb_section][et_pb_section fb_built=&#8221;1&#8243; _builder_version=&#8221;4.8.1&#8243; _module_preset=&#8221;e92cf5c5-289b-4017-aee5-6dd43c05d9db&#8221; global_colors_info=&#8221;{}&#8221;][et_pb_row column_structure=&#8221;1_4,1_4,1_4,1_4&#8243; _builder_version=&#8221;4.11.4&#8243; _module_preset=&#8221;64a9fc49-8d63-43e5-a1f7-5e58ff8b6809&#8243; global_colors_info=&#8221;{}&#8221;][et_pb_column type=&#8221;1_4&#8243; _builder_version=&#8221;4.8.1&#8243; _module_preset=&#8221;default&#8221; custom_padding_tablet=&#8221;||30px||false|false&#8221; custom_padding_phone=&#8221;15px||||false|false&#8221; custom_padding_last_edited=&#8221;on|phone&#8221; border_width_all=&#8221;1px&#8221; border_color_all=&#8221;#ECE6DE&#8221; border_style_all=&#8221;none&#8221; border_radii_tablet=&#8221;&#8221; border_radii_phone=&#8221;&#8221; border_radii_last_edited=&#8221;on|desktop&#8221; global_colors_info=&#8221;{}&#8221;][et_pb_wc_images product=&#8221;268&#8243; disabled_on=&#8221;off|off|off&#8221; _builder_version=&#8221;4.8.1&#8243; _dynamic_attributes=&#8221;link_option_url&#8221; _module_preset=&#8221;default&#8221; custom_padding=&#8221;|15px||15px|false|false&#8221; link_option_url=&#8221;@ET-DC@eyJkeW5hbWljIjp0cnVlLCJjb250ZW50IjoicG9zdF9saW5rX3VybF9wcm9kdWN0Iiwic2V0dGluZ3MiOnsicG9zdF9pZCI6IjI2OCJ9fQ==@&#8221; border_color_all=&#8221;#ECE6DE&#8221; border_style_all=&#8221;none&#8221; border_width_right=&#8221;1px&#8221; border_style_right=&#8221;solid&#8221; global_colors_info=&#8221;{}&#8221;][\/et_pb_wc_images][et_pb_wc_title product=&#8221;268&#8243; _builder_version=&#8221;4.8.1&#8243; _dynamic_attributes=&#8221;link_option_url&#8221; _module_preset=&#8221;default&#8221; header_font=&#8221;|||on|||||&#8221; custom_padding=&#8221;|15px||15px|false|false&#8221; link_option_url=&#8221;@ET-DC@eyJkeW5hbWljIjp0cnVlLCJjb250ZW50IjoicG9zdF9saW5rX3VybF9wcm9kdWN0Iiwic2V0dGluZ3MiOnsicG9zdF9pZCI6IjI2OCJ9fQ==@&#8221; border_color_all=&#8221;#C2E7EE&#8221; border_width_right=&#8221;1px&#8221; border_color_right=&#8221;#ECE6DE&#8221; global_colors_info=&#8221;{}&#8221;][\/et_pb_wc_title][et_pb_wc_description product=&#8221;268&#8243; disabled_on=&#8221;on|on|off&#8221; _builder_version=&#8221;4.9.0&#8243; _dynamic_attributes=&#8221;link_option_url&#8221; _module_preset=&#8221;default&#8221; custom_padding=&#8221;|15px||15px|false|false&#8221; link_option_url=&#8221;@ET-DC@eyJkeW5hbWljIjp0cnVlLCJjb250ZW50IjoicG9zdF9saW5rX3VybF9wcm9kdWN0Iiwic2V0dGluZ3MiOnsicG9zdF9pZCI6IjI2OCJ9fQ==@&#8221; border_color_all=&#8221;#C2E7EE&#8221; border_width_right=&#8221;1px&#8221; border_color_right=&#8221;#ECE6DE&#8221; global_colors_info=&#8221;{}&#8221;][\/et_pb_wc_description][et_pb_divider color=&#8221;#ECE6DE&#8221; _builder_version=&#8221;4.8.1&#8243; _module_preset=&#8221;default&#8221; width=&#8221;75%&#8221; module_alignment=&#8221;center&#8221; locked=&#8221;off&#8221; global_colors_info=&#8221;{}&#8221;][\/et_pb_divider][\/et_pb_column][et_pb_column type=&#8221;1_4&#8243; _builder_version=&#8221;4.8.1&#8243; _module_preset=&#8221;default&#8221; custom_padding=&#8221;15px||||false|false&#8221; global_colors_info=&#8221;{}&#8221;][et_pb_wc_images product=&#8221;424&#8243; disabled_on=&#8221;off|off|off&#8221; _builder_version=&#8221;4.8.1&#8243; _dynamic_attributes=&#8221;link_option_url&#8221; _module_preset=&#8221;default&#8221; custom_padding=&#8221;|15px||15px|false|false&#8221; link_option_url=&#8221;@ET-DC@eyJkeW5hbWljIjp0cnVlLCJjb250ZW50IjoicG9zdF9saW5rX3VybF9wcm9kdWN0Iiwic2V0dGluZ3MiOnsicG9zdF9pZCI6IjQyNCJ9fQ==@&#8221; border_width_right=&#8221;1px&#8221; border_color_right=&#8221;#ECE6DE&#8221; global_colors_info=&#8221;{}&#8221;][\/et_pb_wc_images][et_pb_wc_title product=&#8221;424&#8243; _builder_version=&#8221;4.9.0&#8243; _dynamic_attributes=&#8221;link_option_url&#8221; _module_preset=&#8221;default&#8221; header_font=&#8221;|||on|||||&#8221; custom_padding=&#8221;|15px||15px|false|false&#8221; link_option_url=&#8221;@ET-DC@eyJkeW5hbWljIjp0cnVlLCJjb250ZW50IjoicG9zdF9saW5rX3VybF9wcm9kdWN0Iiwic2V0dGluZ3MiOnsicG9zdF9pZCI6IjQyNCJ9fQ==@&#8221; border_width_right=&#8221;1px&#8221; border_color_right=&#8221;#ECE6DE&#8221; global_colors_info=&#8221;{}&#8221;][\/et_pb_wc_title][et_pb_wc_description product=&#8221;424&#8243; disabled_on=&#8221;on|on|off&#8221; _builder_version=&#8221;4.9.0&#8243; _dynamic_attributes=&#8221;link_option_url&#8221; _module_preset=&#8221;default&#8221; custom_padding=&#8221;|15px||15px|false|false&#8221; link_option_url=&#8221;@ET-DC@eyJkeW5hbWljIjp0cnVlLCJjb250ZW50IjoicG9zdF9saW5rX3VybF9wcm9kdWN0Iiwic2V0dGluZ3MiOnsicG9zdF9pZCI6IjQyNCJ9fQ==@&#8221; border_width_right=&#8221;1px&#8221; border_color_right=&#8221;#ECE6DE&#8221; global_colors_info=&#8221;{}&#8221;][\/et_pb_wc_description][et_pb_divider color=&#8221;#ECE6DE&#8221; _builder_version=&#8221;4.8.1&#8243; _module_preset=&#8221;default&#8221; width=&#8221;75%&#8221; module_alignment=&#8221;center&#8221; locked=&#8221;off&#8221; global_colors_info=&#8221;{}&#8221;][\/et_pb_divider][\/et_pb_column][et_pb_column type=&#8221;1_4&#8243; _builder_version=&#8221;4.8.1&#8243; _module_preset=&#8221;default&#8221; custom_padding=&#8221;15px||||false|false&#8221; global_colors_info=&#8221;{}&#8221;][et_pb_wc_images product=&#8221;3050&#8243; disabled_on=&#8221;off|off|off&#8221; _builder_version=&#8221;4.9.0&#8243; _dynamic_attributes=&#8221;link_option_url&#8221; _module_preset=&#8221;default&#8221; custom_padding=&#8221;|15px||15px|false|false&#8221; link_option_url=&#8221;@ET-DC@eyJkeW5hbWljIjp0cnVlLCJjb250ZW50IjoicG9zdF9saW5rX3VybF9wcm9kdWN0Iiwic2V0dGluZ3MiOnsicG9zdF9pZCI6IjMwNTAifX0=@&#8221; border_width_right=&#8221;1px&#8221; border_color_right=&#8221;#ECE6DE&#8221; global_colors_info=&#8221;{}&#8221;][\/et_pb_wc_images][et_pb_wc_title product=&#8221;3050&#8243; _builder_version=&#8221;4.9.0&#8243; _dynamic_attributes=&#8221;link_option_url&#8221; _module_preset=&#8221;default&#8221; header_font=&#8221;|||on|||||&#8221; custom_padding=&#8221;|15px||15px|false|false&#8221; link_option_url=&#8221;@ET-DC@eyJkeW5hbWljIjp0cnVlLCJjb250ZW50IjoicG9zdF9saW5rX3VybF9wcm9kdWN0Iiwic2V0dGluZ3MiOnsicG9zdF9pZCI6IjMwNTAifX0=@&#8221; border_width_right=&#8221;1px&#8221; border_color_right=&#8221;#ECE6DE&#8221; global_colors_info=&#8221;{}&#8221;][\/et_pb_wc_title][et_pb_wc_description product=&#8221;3050&#8243; disabled_on=&#8221;on|on|off&#8221; _builder_version=&#8221;4.9.0&#8243; _dynamic_attributes=&#8221;link_option_url&#8221; _module_preset=&#8221;default&#8221; custom_padding=&#8221;|15px||15px|false|false&#8221; link_option_url=&#8221;@ET-DC@eyJkeW5hbWljIjp0cnVlLCJjb250ZW50IjoicG9zdF9saW5rX3VybF9wcm9kdWN0Iiwic2V0dGluZ3MiOnsicG9zdF9pZCI6IjMwNTAifX0=@&#8221; border_width_right=&#8221;1px&#8221; border_color_right=&#8221;#ECE6DE&#8221; global_colors_info=&#8221;{}&#8221;][\/et_pb_wc_description][et_pb_divider color=&#8221;#ECE6DE&#8221; _builder_version=&#8221;4.8.1&#8243; _module_preset=&#8221;default&#8221; width=&#8221;75%&#8221; module_alignment=&#8221;center&#8221; locked=&#8221;off&#8221; global_colors_info=&#8221;{}&#8221;][\/et_pb_divider][\/et_pb_column][et_pb_column type=&#8221;1_4&#8243; _builder_version=&#8221;4.8.1&#8243; _module_preset=&#8221;default&#8221; custom_padding=&#8221;15px||||false|false&#8221; global_colors_info=&#8221;{}&#8221;][et_pb_wc_images product=&#8221;1359&#8243; disabled_on=&#8221;off|off|off&#8221; _builder_version=&#8221;4.11.4&#8243; _dynamic_attributes=&#8221;link_option_url&#8221; _module_preset=&#8221;default&#8221; custom_padding=&#8221;|15px||15px|false|false&#8221; link_option_url=&#8221;@ET-DC@eyJkeW5hbWljIjp0cnVlLCJjb250ZW50IjoicG9zdF9saW5rX3VybF9wcm9kdWN0Iiwic2V0dGluZ3MiOnsicG9zdF9pZCI6IjEzNTkifX0=@&#8221; border_width_right=&#8221;1px&#8221; border_color_right=&#8221;#ECE6DE&#8221; global_colors_info=&#8221;{}&#8221;][\/et_pb_wc_images][et_pb_wc_title product=&#8221;1359&#8243; _builder_version=&#8221;4.11.4&#8243; _dynamic_attributes=&#8221;link_option_url&#8221; _module_preset=&#8221;default&#8221; header_font=&#8221;|||on|||||&#8221; custom_padding=&#8221;|15px||15px|false|false&#8221; link_option_url=&#8221;@ET-DC@eyJkeW5hbWljIjp0cnVlLCJjb250ZW50IjoicG9zdF9saW5rX3VybF9wcm9kdWN0Iiwic2V0dGluZ3MiOnsicG9zdF9pZCI6IjEzOTQifX0=@&#8221; border_width_right=&#8221;1px&#8221; border_color_right=&#8221;#ECE6DE&#8221; global_colors_info=&#8221;{}&#8221;][\/et_pb_wc_title][et_pb_wc_description product=&#8221;1359&#8243; disabled_on=&#8221;on|on|off&#8221; _builder_version=&#8221;4.11.4&#8243; _dynamic_attributes=&#8221;link_option_url&#8221; _module_preset=&#8221;default&#8221; custom_padding=&#8221;|15px||15px|false|false&#8221; link_option_url=&#8221;@ET-DC@eyJkeW5hbWljIjp0cnVlLCJjb250ZW50IjoicG9zdF9saW5rX3VybF9wcm9kdWN0Iiwic2V0dGluZ3MiOnsicG9zdF9pZCI6IjEzOTQifX0=@&#8221; border_width_right=&#8221;1px&#8221; border_color_right=&#8221;#ECE6DE&#8221; global_colors_info=&#8221;{}&#8221;][\/et_pb_wc_description][et_pb_divider color=&#8221;#ECE6DE&#8221; _builder_version=&#8221;4.8.1&#8243; _module_preset=&#8221;default&#8221; width=&#8221;75%&#8221; module_alignment=&#8221;center&#8221; locked=&#8221;off&#8221; global_colors_info=&#8221;{}&#8221;][\/et_pb_divider][\/et_pb_column][\/et_pb_row][\/et_pb_section]<\/p>\n","protected":false},"excerpt":{"rendered":"<p>Perfekt julklapp till personalen Vacation in a box \u00e4r ett uppskattat val n\u00e4r du ska hitta en julklapp till personalen. Vi har resm\u00e5l som passar alla, b\u00e5de till sp\u00e4nnande storst\u00e4der och till exotiska resm\u00e5l. Boxens inneh\u00e5ll \u00e4r f\u00f6r tv\u00e5 personer, men vi kan anpassa boxarna att g\u00e4lla f\u00f6r flera. Vi kan leverera boxarna of\u00f6rslutna s\u00e5 [&hellip;]<\/p>\n","protected":false},"author":1,"featured_media":3686,"parent":397,"menu_order":0,"comment_status":"closed","ping_status":"closed","template":"","meta":{"_et_pb_use_builder":"on","_et_pb_old_content":"","_et_gb_content_width":"","footnotes":""},"class_list":["post-3682","page","type-page","status-publish","has-post-thumbnail","hentry"],"_links":{"self":[{"href":"https:\/\/vacayinabox.se\/en\/wp-json\/wp\/v2\/pages\/3682","targetHints":{"allow":["GET"]}}],"collection":[{"href":"https:\/\/vacayinabox.se\/en\/wp-json\/wp\/v2\/pages"}],"about":[{"href":"https:\/\/vacayinabox.se\/en\/wp-json\/wp\/v2\/types\/page"}],"author":[{"embeddable":true,"href":"https:\/\/vacayinabox.se\/en\/wp-json\/wp\/v2\/users\/1"}],"replies":[{"embeddable":true,"href":"https:\/\/vacayinabox.se\/en\/wp-json\/wp\/v2\/comments?post=3682"}],"version-history":[{"count":17,"href":"https:\/\/vacayinabox.se\/en\/wp-json\/wp\/v2\/pages\/3682\/revisions"}],"predecessor-version":[{"id":3880,"href":"https:\/\/vacayinabox.se\/en\/wp-json\/wp\/v2\/pages\/3682\/revisions\/3880"}],"up":[{"embeddable":true,"href":"https:\/\/vacayinabox.se\/en\/wp-json\/wp\/v2\/pages\/397"}],"wp:featuredmedia":[{"embeddable":true,"href":"https:\/\/vacayinabox.se\/en\/wp-json\/wp\/v2\/media\/3686"}],"wp:attachment":[{"href":"https:\/\/vacayinabox.se\/en\/wp-json\/wp\/v2\/media?parent=3682"}],"curies":[{"name":"wp","href":"https:\/\/api.w.org\/{rel}","templated":true}]}}