{"id":1515,"date":"2021-02-01T20:04:17","date_gmt":"2021-02-01T19:04:17","guid":{"rendered":"https:\/\/vacayinabox.se\/?page_id=1515"},"modified":"2021-02-03T21:05:40","modified_gmt":"2021-02-03T20:05:40","slug":"prenumerera-pa-boxar","status":"publish","type":"page","link":"https:\/\/vacayinabox.se\/en\/prenumerera-pa-boxar\/","title":{"rendered":"Prenumerera p\u00e5 boxar"},"content":{"rendered":"<p>[et_pb_section fb_built=&#8221;1&#8243; _builder_version=&#8221;4.8.1&#8243; _module_preset=&#8221;default&#8221;][et_pb_row column_structure=&#8221;1_2,1_2&#8243; _builder_version=&#8221;4.7.7&#8243; _module_preset=&#8221;default&#8221; locked=&#8221;off&#8221;][et_pb_column type=&#8221;1_2&#8243; _builder_version=&#8221;4.7.7&#8243; _module_preset=&#8221;default&#8221;][et_pb_text _builder_version=&#8221;4.8.1&#8243; _module_preset=&#8221;default&#8221;]<\/p>\n<h1>F\u00c5 EN NY BOX AUTOMATISKT VARANNAN M\u00c5NAD<\/h1>\n<p>T\u00e4nk s\u00e5 h\u00e4rligt! Utan att du beh\u00f6ver g\u00f6ra n\u00e5got annat \u00e4n att teckna dig f\u00f6r en prenumeration s\u00e5 kommer en ny sp\u00e4nnande Vacation in a box till dig med ett nytt resm\u00e5l varannan m\u00e5nad s\u00e5 l\u00e4nge du vill. Om du av n\u00e5gon anledning skulle tr\u00f6ttna (fast det tror vi inte) beh\u00f6ver du bara s\u00e4ga upp prenumerationen. Efter 3 boxar \u00e4r det ingen upps\u00e4gningstid. Och boxarna blir dessutom billigare eftersom vi bjuder p\u00e5 frakten.<\/p>\n<p>[\/et_pb_text][et_pb_image src=&#8221;https:\/\/vacayinabox.se\/wp-content\/uploads\/2021\/01\/stjarnor.png&#8221; title_text=&#8221;stjarnor&#8221; align=&#8221;right&#8221; _builder_version=&#8221;4.8.1&#8243; _module_preset=&#8221;default&#8221;][\/et_pb_image][et_pb_image src=&#8221;https:\/\/vacayinabox.se\/wp-content\/uploads\/2021\/02\/prenumerera_box_knapp.png&#8221; alt=&#8221;Ja, jag vill prenumerera&#8221; title_text=&#8221;Ja jag vill prenumerera&#8221; url=&#8221;@ET-DC@eyJkeW5hbWljIjp0cnVlLCJjb250ZW50IjoicG9zdF9saW5rX3VybF9wYWdlIiwic2V0dGluZ3MiOnsicG9zdF9pZCI6IiJ9fQ==@&#8221; _builder_version=&#8221;4.8.1&#8243; _dynamic_attributes=&#8221;url&#8221; _module_preset=&#8221;default&#8221; max_height=&#8221;50px&#8221; custom_margin=&#8221;30px||30px||false|false&#8221;][\/et_pb_image][\/et_pb_column][et_pb_column type=&#8221;1_2&#8243; _builder_version=&#8221;4.7.7&#8243; _module_preset=&#8221;default&#8221;][et_pb_image src=&#8221;https:\/\/vacayinabox.se\/wp-content\/uploads\/2020\/12\/ungtpar_njure_transp.png&#8221; title_text=&#8221;ungtpar_njure_transp&#8221; _builder_version=&#8221;4.8.1&#8243; _module_preset=&#8221;default&#8221; custom_margin=&#8221;|||15px|false|false&#8221;][\/et_pb_image][\/et_pb_column][\/et_pb_row][\/et_pb_section][et_pb_section fb_built=&#8221;1&#8243; _builder_version=&#8221;4.7.7&#8243; _module_preset=&#8221;default&#8221; background_color=&#8221;#ffffff&#8221; background_image=&#8221;https:\/\/vacayinabox.se\/wp-content\/uploads\/2021\/01\/Rityta-1tom.png&#8221; top_divider_style=&#8221;slant&#8221; top_divider_color=&#8221;#72CBCB&#8221; top_divider_height=&#8221;10px&#8221; top_divider_flip=&#8221;horizontal&#8221; bottom_divider_style=&#8221;slant&#8221; bottom_divider_color=&#8221;#72CBCB&#8221; bottom_divider_height=&#8221;10px&#8221; locked=&#8221;off&#8221;][et_pb_row _builder_version=&#8221;4.7.7&#8243; _module_preset=&#8221;default&#8221; locked=&#8221;off&#8221;][et_pb_column type=&#8221;4_4&#8243; _builder_version=&#8221;4.7.7&#8243; _module_preset=&#8221;default&#8221;][et_pb_text _builder_version=&#8221;4.8.1&#8243; _module_preset=&#8221;default&#8221; text_font_size=&#8221;40px&#8221; header_text_color=&#8221;#272829&#8243; background_color=&#8221;rgba(0,0,0,0)&#8221;]<\/p>\n<h1>S\u00c5 FUNKAR DET ATT PRENUMERERA<\/h1>\n<p>[\/et_pb_text][\/et_pb_column][\/et_pb_row][et_pb_row column_structure=&#8221;1_4,1_4,1_4,1_4&#8243; _builder_version=&#8221;4.7.7&#8243; _module_preset=&#8221;default&#8221; background_color=&#8221;#ffffff&#8221; positioning=&#8221;none&#8221; module_alignment=&#8221;center&#8221; custom_margin=&#8221;|5px||5px|false|false&#8221;][et_pb_column type=&#8221;1_4&#8243; _builder_version=&#8221;4.7.7&#8243; _module_preset=&#8221;default&#8221;][et_pb_blurb title=&#8221;1. SKAPA ETT KONTO&#8221; image=&#8221;https:\/\/vacayinabox.se\/wp-content\/uploads\/2021\/01\/kompass_ring-e1611178751800.png&#8221; _builder_version=&#8221;4.8.1&#8243; _module_preset=&#8221;default&#8221; header_font=&#8221;||||||||&#8221; background_color=&#8221;#ffffff&#8221; custom_padding=&#8221;|10px||10px|false|false&#8221;]<\/p>\n<p>Fyll i ditt\u00a0 namn och din adress l\u00e4ngre ner p\u00e5 den h\u00e4r sidan. Om du inte redan har ett konto hos oss blir du ombedd att skapa ett.\u00a0<\/p>\n<p>[\/et_pb_blurb][\/et_pb_column][et_pb_column type=&#8221;1_4&#8243; _builder_version=&#8221;4.7.7&#8243; _module_preset=&#8221;default&#8221;][et_pb_blurb title=&#8221;2. SKICKA OCH BETALA&#8221; image=&#8221;https:\/\/vacayinabox.se\/wp-content\/uploads\/2021\/01\/pappersplan_ring-e1611179343603.png&#8221; _builder_version=&#8221;4.8.1&#8243; _module_preset=&#8221;default&#8221; background_color=&#8221;#ffffff&#8221; custom_padding=&#8221;|10px||10px|false|false&#8221;]<\/p>\n<p>N\u00e4r du har skickat din best\u00e4llning kommer du vidare till betalsidan. Du betalar f\u00f6r tre boxar i f\u00f6rv\u00e4g (1 485 kronor) men som prenumerant slipper du betala frakten.<\/p>\n<p>[\/et_pb_blurb][\/et_pb_column][et_pb_column type=&#8221;1_4&#8243; _builder_version=&#8221;4.7.7&#8243; _module_preset=&#8221;default&#8221;][et_pb_blurb title=&#8221;3. UPPLEV RESM\u00c5LEN&#8221; image=&#8221;https:\/\/vacayinabox.se\/wp-content\/uploads\/2021\/01\/vaskan_ring-e1611178503433.png&#8221; _builder_version=&#8221;4.8.1&#8243; _module_preset=&#8221;default&#8221; background_color=&#8221;#ffffff&#8221; custom_padding=&#8221;|10px||10px|false|false&#8221;]<\/p>\n<p>Den f\u00f6rsta boxen f\u00e5r du redan efter 3-4 dagar. D\u00e4refter hamnar du i v\u00e5r prenumerationsloop d\u00e4r vi skickar ut en nytt resm\u00e5l varje februari, april, juni, augusti, oktober och december.<\/p>\n<p>[\/et_pb_blurb][\/et_pb_column][et_pb_column type=&#8221;1_4&#8243; _builder_version=&#8221;4.7.7&#8243; _module_preset=&#8221;default&#8221;][et_pb_blurb title=&#8221;4. BOX EFTER BOX&#8221; image=&#8221;https:\/\/vacayinabox.se\/wp-content\/uploads\/2021\/02\/faktura_ring.png&#8221; _builder_version=&#8221;4.8.1&#8243; _module_preset=&#8221;default&#8221; background_color=&#8221;#ffffff&#8221; custom_padding=&#8221;|10px|1px|10px|false|false&#8221;]<\/p>\n<p>Efter de f\u00f6rsta 3 boxarna f\u00e5r du en faktura med varje ny box. Den ska betalas inom 14 dagar. P\u00e5 fakturan st\u00e5r det ocks\u00e5 hur du kan avsluta prenumerationen.<\/p>\n<p>[\/et_pb_blurb][et_pb_image src=&#8221;https:\/\/vacayinabox.se\/wp-content\/uploads\/2021\/02\/prenumerera_box_knapp.png&#8221; alt=&#8221;Ja, jag vill prenumerera&#8221; title_text=&#8221;Ja jag vill prenumerera&#8221; _builder_version=&#8221;4.8.1&#8243; _module_preset=&#8221;default&#8221; max_height=&#8221;50px&#8221; custom_margin=&#8221;30px||30px||false|false&#8221;][\/et_pb_image][\/et_pb_column][\/et_pb_row][\/et_pb_section]<\/p>\n","protected":false},"excerpt":{"rendered":"<p>F\u00c5 EN NY BOX AUTOMATISKT VARANNAN M\u00c5NAD T\u00e4nk s\u00e5 h\u00e4rligt! Utan att du beh\u00f6ver g\u00f6ra n\u00e5got annat \u00e4n att teckna dig f\u00f6r en prenumeration s\u00e5 kommer en ny sp\u00e4nnande Vacation in a box till dig med ett nytt resm\u00e5l varannan m\u00e5nad s\u00e5 l\u00e4nge du vill. Om du av n\u00e5gon anledning skulle tr\u00f6ttna (fast det tror [&hellip;]<\/p>\n","protected":false},"author":1,"featured_media":0,"parent":0,"menu_order":0,"comment_status":"closed","ping_status":"closed","template":"","meta":{"_et_pb_use_builder":"on","_et_pb_old_content":"","_et_gb_content_width":"","footnotes":""},"class_list":["post-1515","page","type-page","status-publish","hentry"],"_links":{"self":[{"href":"https:\/\/vacayinabox.se\/en\/wp-json\/wp\/v2\/pages\/1515","targetHints":{"allow":["GET"]}}],"collection":[{"href":"https:\/\/vacayinabox.se\/en\/wp-json\/wp\/v2\/pages"}],"about":[{"href":"https:\/\/vacayinabox.se\/en\/wp-json\/wp\/v2\/types\/page"}],"author":[{"embeddable":true,"href":"https:\/\/vacayinabox.se\/en\/wp-json\/wp\/v2\/users\/1"}],"replies":[{"embeddable":true,"href":"https:\/\/vacayinabox.se\/en\/wp-json\/wp\/v2\/comments?post=1515"}],"version-history":[{"count":12,"href":"https:\/\/vacayinabox.se\/en\/wp-json\/wp\/v2\/pages\/1515\/revisions"}],"predecessor-version":[{"id":1696,"href":"https:\/\/vacayinabox.se\/en\/wp-json\/wp\/v2\/pages\/1515\/revisions\/1696"}],"wp:attachment":[{"href":"https:\/\/vacayinabox.se\/en\/wp-json\/wp\/v2\/media?parent=1515"}],"curies":[{"name":"wp","href":"https:\/\/api.w.org\/{rel}","templated":true}]}}